{"id":501,"date":"2021-10-23T15:39:27","date_gmt":"2021-10-23T13:39:27","guid":{"rendered":"https:\/\/thelighthouse.com.pl\/?page_id=501"},"modified":"2021-10-23T17:55:47","modified_gmt":"2021-10-23T15:55:47","slug":"festival","status":"publish","type":"page","link":"https:\/\/thelighthouse.com.pl\/index.php\/festival\/","title":{"rendered":"Festival"},"content":{"rendered":"\t\t<div data-elementor-type=\"wp-page\" data-elementor-id=\"501\" class=\"elementor elementor-501\" data-elementor-settings=\"{&quot;ha_cmc_init_switcher&quot;:&quot;no&quot;}\" data-elementor-post-type=\"page\">\n\t\t\t\t\t\t<section class=\"elementor-section elementor-top-section elementor-element elementor-element-5b25725 elementor-section-full_width elementor-section-height-default elementor-section-height-default\" data-id=\"5b25725\" data-element_type=\"section\" data-e-type=\"section\" data-settings=\"{&quot;_ha_eqh_enable&quot;:false}\">\n\t\t\t\t\t\t<div class=\"elementor-container elementor-column-gap-no\">\n\t\t\t\t\t<div class=\"elementor-column elementor-col-100 elementor-top-column elementor-element elementor-element-491fa35\" data-id=\"491fa35\" data-element_type=\"column\" data-e-type=\"column\">\n\t\t\t<div class=\"elementor-widget-wrap elementor-element-populated\">\n\t\t\t\t\t\t<div class=\"elementor-element elementor-element-0e62905 elementor-widget elementor-widget-image\" data-id=\"0e62905\" data-element_type=\"widget\" data-e-type=\"widget\" data-widget_type=\"image.default\">\n\t\t\t\t<div class=\"elementor-widget-container\">\n\t\t\t\t\t\t\t\t\t\t\t\t\t\t\t<img fetchpriority=\"high\" decoding=\"async\" width=\"750\" height=\"394\" src=\"https:\/\/thelighthouse.com.pl\/wp-content\/uploads\/2021\/10\/Pumpkin-Contest-2021a-01-1024x538.png\" class=\"attachment-large size-large wp-image-500\" alt=\"\" srcset=\"https:\/\/thelighthouse.com.pl\/wp-content\/uploads\/2021\/10\/Pumpkin-Contest-2021a-01-1024x538.png 1024w, https:\/\/thelighthouse.com.pl\/wp-content\/uploads\/2021\/10\/Pumpkin-Contest-2021a-01-300x158.png 300w, https:\/\/thelighthouse.com.pl\/wp-content\/uploads\/2021\/10\/Pumpkin-Contest-2021a-01-768x403.png 768w, https:\/\/thelighthouse.com.pl\/wp-content\/uploads\/2021\/10\/Pumpkin-Contest-2021a-01.png 1200w\" sizes=\"(max-width: 750px) 100vw, 750px\" style=\"width:100%;height:52.5%;max-width:1200px\" \/>\t\t\t\t\t\t\t\t\t\t\t\t\t\t\t<\/div>\n\t\t\t\t<\/div>\n\t\t\t\t\t<\/div>\n\t\t<\/div>\n\t\t\t\t\t<\/div>\n\t\t<\/section>\n\t\t\t\t<section class=\"elementor-section elementor-top-section elementor-element elementor-element-da26eb8 elementor-section-boxed elementor-section-height-default elementor-section-height-default\" data-id=\"da26eb8\" data-element_type=\"section\" data-e-type=\"section\" data-settings=\"{&quot;_ha_eqh_enable&quot;:false}\">\n\t\t\t\t\t\t<div class=\"elementor-container elementor-column-gap-default\">\n\t\t\t\t\t<div class=\"elementor-column elementor-col-100 elementor-top-column elementor-element elementor-element-1300d1e\" data-id=\"1300d1e\" data-element_type=\"column\" data-e-type=\"column\">\n\t\t\t<div class=\"elementor-widget-wrap elementor-element-populated\">\n\t\t\t\t\t\t<div class=\"elementor-element elementor-element-caffbb9 elementor-widget elementor-widget-text-editor\" data-id=\"caffbb9\" data-element_type=\"widget\" data-e-type=\"widget\" data-widget_type=\"text-editor.default\">\n\t\t\t\t<div class=\"elementor-widget-container\">\n\t\t\t\t\t\t\t\t\t<p><strong>REGULAMIN KONKURSU \u201ePUMPKIN FESTIVAL\u201d<\/strong><\/p>\t\t\t\t\t\t\t\t<\/div>\n\t\t\t\t<\/div>\n\t\t\t\t<div class=\"elementor-element elementor-element-4afa308 elementor-widget elementor-widget-text-editor\" data-id=\"4afa308\" data-element_type=\"widget\" data-e-type=\"widget\" data-widget_type=\"text-editor.default\">\n\t\t\t\t<div class=\"elementor-widget-container\">\n\t\t\t\t\t\t\t\t\t<ol>\n<li>Organizatorem konkursu jest firma The Lighthouse Joanna Podg\u00f3rska z siedzib\u0105 w Warszawie (01-460), ul. G\u00f3rczewska 200c\/185 i w Wyszkowie (07-200), ul. Centralna 10,&nbsp;<a href=\"mailto:info@thelighthouse.com.pl\">info@thelighthouse.com.pl<\/a>.<\/li>\n<li>Niniejszy Regulamin okre\u015bla warunki, na jakich odbywa si\u0119 konkurs pod nazw\u0105 \u201ePumpkin Festival\u201d zwany dalej \u201eKonkursem\u201d. Niniejszy Regulamin jest jedynym dokumentem okre\u015blaj\u0105cym zasady udzia\u0142u w Konkursie. Konkurs zostanie przeprowadzony na portalu spo\u0142eczno\u015bciowym Facebook http:\/\/www.facebook.com na stronie \u201eThe Lighthouse\u201d, kt\u00f3ra znajduje si\u0119 pod linkiem:&nbsp;<a href=\"https:\/\/www.facebook.com\/thelighthousewyszkow\/\">https:\/\/www.facebook.com\/thelighthousewyszkow\/<\/a><\/li>\n<li>Konkurs trwa od godz. 17:00 dnia 30.10.2021 r. do godz. 12:00 dnia 06.11.2021 r.<\/li>\n<li>Wyniki konkursu zostan\u0105 og\u0142oszone w dniu 06.11.2021r. o godz. 15:00<\/li>\n<li>Nagrod\u0105 za pierwsze miejsce jest bon na grupowy kurs j\u0119zyka angielskiego o warto\u015bci 1000 z\u0142 do wykorzystania w szkole The Lighthouse w roku szkolnym 2022\/2023. Nagrod\u0105 za drugie &nbsp;i trzecie miejsce s\u0105 ksi\u0105\u017cki angloj\u0119zyczne i upominki niespodzianki.<\/li>\n<li>W konkursie mog\u0105 bra\u0107 udzia\u0142 jedynie rodzice dzieci w wieku 2-18 lat. W konkursie nie mog\u0105 bra\u0107 udzia\u0142u pracownicy i wsp\u00f3\u0142pracownicy Organizatora oraz ich najbli\u017csza rodzina.<\/li>\n<li>Zadanie konkursowe jest nast\u0119puj\u0105ce: ozdobione dynie (technika dowolna: malowanie, wyklejanie, rze\u017abienie, wycinanie itp.) przynosimy do szko\u0142y j\u0119zykowej the Lighthouse przy ul. Centralnej 10 w Wyszkowie do dnia 30.10.2021r do godz. 15.00. Zdj\u0119cia prac zostan\u0105 opublikowane na fanpage organizatora pod adresem:&nbsp;<a href=\"https:\/\/www.facebook.com\/thelighthousewyszkow\/\">https:\/\/www.facebook.com\/thelighthousewyszkow\/<\/a>10.2021 o godzinie 17.00. Wygrywaj\u0105 prace, kt\u00f3rych zdj\u0119cia uzyskaj\u0105 najwi\u0119cej polubie\u0144 do czasu zako\u0144czenia konkursu, tj. do godz. 15:00 dnia 06.11.2021 r. Wszyscy uczestnicy konkursu otrzymaj\u0105 drobny upominek.<\/li>\n<li>Bior\u0105c udzia\u0142 w Konkursie Uczestnik o\u015bwiadcza, \u017ce zapozna\u0142 si\u0119 z niniejszym Regulaminem i wyra\u017ca zgod\u0119 na jego postanowienia. Przyst\u0119puj\u0105c do Konkursu Uczestnik zobowi\u0105zuje si\u0119 do przestrzegania postanowie\u0144 Regulaminu. Naruszenie przez Uczestnika tego zobowi\u0105zania stanowi podstaw\u0119 do odmowy wydania nagrody.<\/li>\n<li>Administratorem danych osobowych Uczestnik\u00f3w jest Organizator. Organizator o\u015bwiadcza, \u017ce dane osobowe Uczestnika w zakresie: imi\u0119 i nazwisko, adres e-mail w celu przyst\u0105pienia do Konkursu i jego prawid\u0142owego przeprowadzenia natomiast dodatkowo adres zamieszkania, numer telefonu kom\u00f3rkowego lub stacjonarnego, b\u0119d\u0105 przetwarzane przez Organizatora w celu przekazania nagrody Zwyci\u0119zcy.<\/li>\n<li>Przyst\u0105pienie do Konkursu oznacza zgod\u0119 Uczestnika Konkursu na przetwarzanie danych osobowych dla cel\u00f3w Konkursu. Przyst\u0119puj\u0105c do Konkursu Uczestnik wyra\u017ca zgod\u0119 na publikacj\u0119 swoich danych, jako Uczestnika Konkursu (imi\u0119 i nazwisko), w Serwisie (http:\/\/www.facebook.com) zgod\u0119 na komunikowanie si\u0119 przez Organizatora w zwi\u0105zku z Konkursem poprzez konto Facebook. Organizator o\u015bwiadcza, \u017ce dane osobowe zbierane i przetwarzane przez Organizatora jako administratora danych osobowych b\u0119d\u0105 wykorzystywane wy\u0142\u0105cznie w ramach i na potrzeby przeprowadzenia Konkursu.<\/li>\n<li>Organizator o\u015bwiadcza, \u017ce Konkurs nie jest w \u017caden spos\u00f3b sponsorowany, popierany, zarz\u0105dzany ani powi\u0105zany z podmiotami b\u0119d\u0105cymi w\u0142a\u015bcicielami serwisu spo\u0142eczno\u015bciowego Facebook.<\/li>\n<li>Organizator o\u015bwiadcza, \u017ce Konkurs nie jest gr\u0105 losow\u0105, loteri\u0105 fantow\u0105, zak\u0142adem wzajemnym, loteri\u0105 promocyjn\u0105, kt\u00f3rych wynik zale\u017cy od przypadku, ani \u017cadn\u0105 inn\u0105 form\u0105 przewidzian\u0105 w ustawie z dnia 29 lipca 1992 r. o grach i zak\u0142adach wzajemnych (Dz. U. z 2004 r. Nr 4, poz. 27, z p\u00f3\u017an. zm.).<\/li>\n<li>Organizator konkursu zastrzega sobie prawo przeznaczenia nieodebranych nagr\u00f3d na inne cele Organizatora.<\/li>\n<li>Bonu nie mo\u017cna wymieni\u0107 na ekwiwalent pieni\u0119\u017cny.<\/li>\n<li>Organizator nie ponosi odpowiedzialno\u015bci za jakiekolwiek problemy techniczne serwisu Facebook, \u0142\u0105czy internetowych, kt\u00f3re uniemo\u017cliwia prawid\u0142ow\u0105 realizacj\u0119 konkursu.<\/li>\n<li>Regulamin wchodzi w \u017cycie 23.10.2021 r. i jest dost\u0119pny na stronie internetowej organizatora&nbsp;<a href=\"http:\/\/www.thelightouse.com.pl\/\">thelighthouse.com.pl<\/a><\/li><br><\/ol>\n<p>KLAUZULA INFORMACYJNA DLA UCZESTNIK\u00d3W KONKURSU: <br><\/p><p>Przes\u0142anie przez Uczestnika zg\u0142oszenia do konkursu organizowanego przez The Lighthouse Joanna Podg\u00f3rska z siedzib\u0105 w Warszawie, ul. G\u00f3rczewska 200c\/185 oraz w Wyszkowie ul. Centralna 10, oznacza wyra\u017cenie zgody na przetwarzanie jego danych osobowych w celu wzi\u0119cia udzia\u0142u w konkursie. Zgodnie z art. 13 ust. 1 i 2 Rozporz\u0105dzenia Parlamentu Europejskiego i Rady (UE) 2016\/679 z dnia 27 kwietnia 2016 r. (\u201eRODO\u201d) The Lighthouse podaje nast\u0119puj\u0105ce informacje dotycz\u0105ce przetwarzania danych osobowych w zwi\u0105zku z organizowanym konkursem: <br><\/p><p><br><\/p><p>1) Administratorem danych osobowych jest The Lighthouse Joanna Podg\u00f3rska, ul G\u00f3rczewska 200c\/185 oraz Wyszk\u00f3w ul. Centralna 10, REGON 14250897, NIP 7621897088, info@thelighthouse.com.pl. <br><\/p><p><br><\/p><p>2) Administrator przetwarza dane w celu umo\u017cliwienia Uczestnikowi wzi\u0119cia udzia\u0142u w konkursie, do kt\u00f3rego dokona on zg\u0142oszenia. Podstaw\u0105 jest zgoda wyra\u017cona przez Uczestnika (art. 6 ust. 1 lit. a RODO). <br><\/p><p><br><\/p><p>3) Administrator mo\u017ce udost\u0119pni\u0107 dane osobowe Uczestnika swoim podwykonawcom (podmiotom, z us\u0142ug kt\u00f3rych korzysta przy przetwarzaniu) takim jak: <br><\/p><p>a) dostawcy us\u0142ug informatycznych; <br><\/p><p>b) podmioty \u015bwiadcz\u0105ce us\u0142ugi wsparcia informatycznego; <br><\/p><p>c) podmioty \u015bwiadcz\u0105ce us\u0142ugi ksi\u0119gowe; <br><\/p><p>d) podmioty \u015bwiadcz\u0105ce us\u0142ugi marketingowe; <br><\/p><p>e) podmioty wsp\u00f3\u0142pracuj\u0105ce przy organizacji konkursu. <br><\/p><p><br><\/p><p>4) Administrator mo\u017ce korzysta\u0107 z us\u0142ug informatycznych dostarczanych przez podmioty, kt\u00f3re maj\u0105 swoje siedziby w USA, a wi\u0119c poza Uni\u0105 Europejsk\u0105. W zwi\u0105zku z tym dane mog\u0105 Uczestnika by\u0107 przekazywane do tego kraju. Administrator korzysta wy\u0142\u0105cznie z us\u0142ug informatycznych dostarczanych przez podmioty, kt\u00f3re przyst\u0105pi\u0142y do programu Tarczy Prywatno\u015bci UEUSA i zapewniaj\u0105 odpowiedni poziom ochrony danych. <br><\/p><p><br><\/p><p>5) Administrator jest uprawniony do udost\u0119pnienia danych osobowych r\u00f3wnie\u017c innym podmiotom, je\u015bli obowi\u0105zek taki wynika z przepis\u00f3w prawa. <br><\/p><p><br><\/p><p>6) Dane osobowe Uczestnika zebrane w celu umo\u017cliwienia udzia\u0142u w konkursie, Administrator przechowuje maksymalnie przez okres 10 lat od zako\u0144czenia trwania konkursu. <br><\/p><p><br><\/p><p>7) Uczestnikowi konkursu przys\u0142uguj\u0105 nast\u0119puj\u0105ce prawa: <br><\/p><p>a) prawo dost\u0119pu do danych osobowych oraz prawo otrzymania ich kopii; <br><\/p><p>b) prawo do sprostowania danych osobowych; c) prawo do usuni\u0119cia danych osobowych; <br><\/p><p>d) prawo do \u017c\u0105dania ograniczenia przetwarzania danych; <br><\/p><p>e) prawo do \u017c\u0105dania kopii danych; <br><\/p><p>f) prawo do przeniesienia danych osobowych; <br><\/p><p>g) prawo sprzeciwu wobec przetwarzania danych osobowych; <br><\/p><p>h) prawo do wniesienia skargi do organu nadzorczego. <br><\/p><p><br><\/p><p>8) w zwi\u0105zku z tym, \u017ce przetwarzanie danych odbywa si\u0119 na podstawie zgody, Uczestnik ma r\u00f3wnie\u017c prawo do cofni\u0119cia zgody na przetwarzanie danych osobowych w dowolnym momencie. Cofni\u0119cie zgody nie wp\u0142ywa na zgodno\u015b\u0107 z prawem przetwarzania, kt\u00f3rego dokonano na podstawie zgody przed jej cofni\u0119ciem. <br><\/p><p><br><\/p><p>9) w celu skorzystania z jakiegokolwiek prawa, o kt\u00f3rym mowa wy\u017cej osoba, kt\u00f3rej dane dotycz\u0105 mo\u017ce skierowa\u0107 do Administratora \u017c\u0105danie pisemnie na adres The Lighthouse Joanna Podg\u00f3rska, ul. Centralna 10, 07-200 Wyszk\u00f3w lub za po\u015brednictwem poczty elektronicznej na adres&nbsp;<a href=\"mailto:info@thelighthouse.com.pl\">info@thelighthouse.com.pl<\/a> <br><\/p><p><br><\/p><p>10) podanie danych przez Uczestnik\u00f3w jest dobrowolne, jednak bez ich podania niemo\u017cliwe b\u0119dzie uczestnictwo w Konkursie.<\/p>\n<p><\/p>\t\t\t\t\t\t\t\t<\/div>\n\t\t\t\t<\/div>\n\t\t\t\t\t<\/div>\n\t\t<\/div>\n\t\t\t\t\t<\/div>\n\t\t<\/section>\n\t\t\t\t<\/div>\n\t\t","protected":false},"excerpt":{"rendered":"<p>REGULAMIN KONKURSU \u201ePUMPKIN FESTIVAL\u201d Organizatorem konkursu jest firma The Lighthouse Joanna Podg\u00f3rska z siedzib\u0105 w Warszawie (01-460), ul. G\u00f3rczewska 200c\/185 i w Wyszkowie (07-200), ul. Centralna 10,&nbsp;info@thelighthouse.com.pl. Niniejszy Regulamin okre\u015bla warunki, na jakich odbywa si\u0119 konkurs pod nazw\u0105 \u201ePumpkin Festival\u201d zwany dalej \u201eKonkursem\u201d. Niniejszy Regulamin jest jedynym dokumentem okre\u015blaj\u0105cym zasady udzia\u0142u w Konkursie. Konkurs zostanie&hellip; <a class=\"more-link\" href=\"https:\/\/thelighthouse.com.pl\/index.php\/festival\/\">Continue reading <span class=\"screen-reader-text\">Festival<\/span><\/a><\/p>\n","protected":false},"author":1,"featured_media":0,"parent":0,"menu_order":0,"comment_status":"closed","ping_status":"closed","template":"elementor_canvas","meta":{"footnotes":""},"class_list":["post-501","page","type-page","status-publish","hentry","entry"],"aioseo_notices":[],"_links":{"self":[{"href":"https:\/\/thelighthouse.com.pl\/index.php\/wp-json\/wp\/v2\/pages\/501","targetHints":{"allow":["GET"]}}],"collection":[{"href":"https:\/\/thelighthouse.com.pl\/index.php\/wp-json\/wp\/v2\/pages"}],"about":[{"href":"https:\/\/thelighthouse.com.pl\/index.php\/wp-json\/wp\/v2\/types\/page"}],"author":[{"embeddable":true,"href":"https:\/\/thelighthouse.com.pl\/index.php\/wp-json\/wp\/v2\/users\/1"}],"replies":[{"embeddable":true,"href":"https:\/\/thelighthouse.com.pl\/index.php\/wp-json\/wp\/v2\/comments?post=501"}],"version-history":[{"count":7,"href":"https:\/\/thelighthouse.com.pl\/index.php\/wp-json\/wp\/v2\/pages\/501\/revisions"}],"predecessor-version":[{"id":510,"href":"https:\/\/thelighthouse.com.pl\/index.php\/wp-json\/wp\/v2\/pages\/501\/revisions\/510"}],"wp:attachment":[{"href":"https:\/\/thelighthouse.com.pl\/index.php\/wp-json\/wp\/v2\/media?parent=501"}],"curies":[{"name":"wp","href":"https:\/\/api.w.org\/{rel}","templated":true}]}}